{"id":5592,"date":"2016-12-05T09:17:34","date_gmt":"2016-12-05T09:17:34","guid":{"rendered":"http:\/\/demo.wpzoom.com\/inspiro\/?page_id=5592"},"modified":"2023-05-16T11:18:40","modified_gmt":"2023-05-16T11:18:40","slug":"lartiste","status":"publish","type":"page","link":"https:\/\/www.pascalearchambault.com\/blog\/lartiste\/","title":{"rendered":"L&#8217;artiste"},"content":{"rendered":"\t\t<div data-elementor-type=\"wp-page\" data-elementor-id=\"5592\" class=\"elementor elementor-5592\">\n\t\t\t\t\t\t\t\t\t<section class=\"elementor-section elementor-top-section elementor-element elementor-element-c979b2b elementor-section-boxed elementor-section-height-default elementor-section-height-default\" data-id=\"c979b2b\" data-element_type=\"section\">\n\t\t\t\t\t\t<div class=\"elementor-container elementor-column-gap-default\">\n\t\t\t\t\t<div class=\"elementor-column elementor-col-100 elementor-top-column elementor-element elementor-element-066fa9f\" data-id=\"066fa9f\" data-element_type=\"column\">\n\t\t\t<div class=\"elementor-widget-wrap elementor-element-populated\">\n\t\t\t\t\t\t\t\t<div class=\"elementor-element elementor-element-89ab21a elementor-widget elementor-widget-image\" data-id=\"89ab21a\" data-element_type=\"widget\" data-widget_type=\"image.default\">\n\t\t\t\t<div class=\"elementor-widget-container\">\n\t\t\t<style>\/*! elementor - v3.13.2 - 11-05-2023 *\/\n.elementor-widget-image{text-align:center}.elementor-widget-image a{display:inline-block}.elementor-widget-image a img[src$=\".svg\"]{width:48px}.elementor-widget-image img{vertical-align:middle;display:inline-block}<\/style>\t\t\t\t\t\t\t\t\t\t\t\t<img decoding=\"async\" width=\"600\" height=\"400\" src=\"https:\/\/www.pascalearchambault.com\/blog\/wp-content\/uploads\/2023\/04\/pascale_archambault.jpg\" class=\"attachment-full size-full wp-image-6750\" alt=\"\" loading=\"lazy\" srcset=\"https:\/\/www.pascalearchambault.com\/blog\/wp-content\/uploads\/2023\/04\/pascale_archambault.jpg 600w, https:\/\/www.pascalearchambault.com\/blog\/wp-content\/uploads\/2023\/04\/pascale_archambault-300x200.jpg 300w\" sizes=\"100vw\" \/>\t\t\t\t\t\t\t\t\t\t\t\t\t\t\t<\/div>\n\t\t\t\t<\/div>\n\t\t\t\t<div class=\"elementor-element elementor-element-e71c85a elementor-widget elementor-widget-text-editor\" data-id=\"e71c85a\" data-element_type=\"widget\" data-widget_type=\"text-editor.default\">\n\t\t\t\t<div class=\"elementor-widget-container\">\n\t\t\t<style>\/*! elementor - v3.13.2 - 11-05-2023 *\/\n.elementor-widget-text-editor.elementor-drop-cap-view-stacked .elementor-drop-cap{background-color:#69727d;color:#fff}.elementor-widget-text-editor.elementor-drop-cap-view-framed .elementor-drop-cap{color:#69727d;border:3px solid;background-color:transparent}.elementor-widget-text-editor:not(.elementor-drop-cap-view-default) .elementor-drop-cap{margin-top:8px}.elementor-widget-text-editor:not(.elementor-drop-cap-view-default) .elementor-drop-cap-letter{width:1em;height:1em}.elementor-widget-text-editor .elementor-drop-cap{float:left;text-align:center;line-height:1;font-size:50px}.elementor-widget-text-editor .elementor-drop-cap-letter{display:inline-block}<\/style>\t\t\t\t<p>BIO<br \/>Pascale Archambault vit et travaille maintenant \u00e0 L\u2019Avenir. Elle compose ses \u0153uvres \u00e0 l\u2019aide de divers mat\u00e9riaux tel la pierre, le bois, l\u2019acier ou le bronze. Archambault s\u2019attache \u00e0 la repr\u00e9sentation humaine dont elle sait rendre avec brio la force et la sensibilit\u00e9. Entre 1992 et 2013, elle expose ses \u0153uvres dans plusieurs institutions reconnues et participe \u00e0 de nombreux symposiums de sculpture au Qu\u00e9bec, et \u00e0 l\u2019\u00e9tranger : en Argentine, au Br\u00e9sil, en Uruguay, en France, au Chili, en Cor\u00e9e ainsi qu\u2019au Guatemala.<br \/>Parmi ses realisations majeures, mentionnons le monument Desjardins AU SEUIL D\u2019UN SI\u00c8CLE install\u00e9 au si\u00e8ge social de la F\u00e9d\u00e9ration Desjardins \u00e0 L\u00e9vis ainsi que sa copie install\u00e9e depuis 2008 \u00e0 la Promenade Desjardins \u00e0 Qu\u00e9bec. On peut aussi voir \u00e0 Qu\u00e9bec, TRAVERS\u00c9E SANS RETOUR, situ\u00e9 au cimeti\u00e8re de l\u2019H\u00f4pital G\u00e9n\u00e9ral.<br \/>Deux de ses \u0153uvres publiques se trouvent dans la m\u00e9tropole Montr\u00e9alaise, soit; HOMMAGE AUX ARTISTES, des bronzes r\u00e9alis\u00e9s pour le Monument National, et DANSE SUR LE MONDE install\u00e9e au cimeti\u00e8re Mont-Royal dans la section des enfants. Tout derni\u00e8rement suite \u00e0 une commande, elle a elle m\u00eame install\u00e9 une de ses \u0153uvres monumentale ATIGRAVIDAD. Faite de granite et de bronze elle est install\u00e9e de mani\u00e8re permanante dans la ville de Guatemala.<\/p>\t\t\t\t\t\t<\/div>\n\t\t\t\t<\/div>\n\t\t\t\t<div class=\"elementor-element elementor-element-d8397ae elementor-widget elementor-widget-text-editor\" data-id=\"d8397ae\" data-element_type=\"widget\" data-widget_type=\"text-editor.default\">\n\t\t\t\t<div class=\"elementor-widget-container\">\n\t\t\t\t\t\t\t<p>Curriculum vit\u00e6<br \/>Formation<br \/>1983-87 Baccalaur\u00e9at en Arts plastiques, UQAM, Montr\u00e9al<br \/>1976-78 D.E.S., \u00c9cole de sculpture sur bois, Saint-Jean-Port-Joli<br \/>Expositions individuelles<br \/>2021 BIENT\u00d4T HORS D\u2019USAGE \/ OUT OF ORDER, \u00c0 venir, CENTRE CULTUREL YVONNE L. BOMBARDIER<br \/>2020 BIENT\u00d4T HORS D\u2019USAGE \/ OUT OF ORDER, Maison de la culture Janine-Sutto, Montr\u00e9al<br \/>2019 LAME \u00c0 L\u2019\u00c2ME, Centre national d&#8217;exposition, Jonqui\u00e8re<br \/>2019 BIENT\u00d4T HORS D\u2019USAGE \/ OUT OF ORDER, Remis, Centre socioculturel G\u00e9rard-Ouellet, Saint-Jean-Port-Joli<br \/>2019 BIENT\u00d4T HORS D\u2019USAGE \/ OUT OF ORDER, L\u2019Entrep\u00f4t, Ville de Lachine<br \/>2018 BIENT\u00d4T HORS D\u2019USAGE \/ OUT OF ORDER, Espace Pierre-Debain, Gatineau<br \/>2017 BIENT\u00d4T HORS D\u2019USAGE \/ OUT OF ORDER, Centre d\u2019exposition de Val-d\u2019Or<br \/>2016 \u00c9CHANTILLONNAGE, Galerie A, L\u2019Avenir<br \/>2013 PRELUDIO EN CUATRO TIEMPO, Galeria El Tunel, Ville de Guatemala, Guatemala<br \/>2010 TRANSPARENCE, Maison de la culture Notre-Dame-de-Gr\u00e2ce, Montr\u00e9al<br \/>2010 \u00c9QUIVOQUE, Maison de la culture Notre-Dame-de-Gr\u00e2ce, Montr\u00e9al<br \/>2009 TRANSPARENCE-ESSAIE, Maison des M\u00e9tiers d\u2019Art du Qu\u00e9bec, MMAQ, Qu\u00e9bec<br \/>2008 \u00c9QUIVOQUE, Maison de la culture Ahuntsic-Cartierville, Montr\u00e9al<br \/>2006 MA MAIN DANS L\u2019FEU, Atelier Blanc, Montr\u00e9al<br \/>2004 ATELIER OUVERT, l\u2019Atelier Blanc, Montr\u00e9al<br \/>1999 SOLILOQUE, Mus\u00e9e de la ville de Lachine, \u00cele de Montr\u00e9al<br \/>1995 D\u2019AMOUR ET DE CUL, Centre d\u2019exposition Circa, Montr\u00e9al<br \/>1994 R\u00c9FUGI\u00c9S, Centre des Arts Contemporains du Qu\u00e9bec \u00e0 Montr\u00e9al<br \/>Expositions collectives<br \/>2021 D\u00c9JOUER LES SENS POUR MIEUX VOIR, \u00c0 venir, Maison de la culture Janine-Sutto Montr\u00e9al<br \/>2020 D\u00c9JOUER LES SENS POUR MIEUX VOIR, CNE Jonqui\u00e8re, et\u2026 Centre d\u2019exposition d\u2019Amos<br \/>2019 CE C\u00d4T\u00c9-\u00c7I DU MIROIR, Centre d\u2019art Jacques-et-Michel-Auger, Victoriaville<br \/>2017 D\u00c9JOUER LES SENS POUR MIEUX VOIR, Centre d\u2019art Jacques-et-Michel-Auger, Victoriaville<br \/>2016 BIENAL DE ESCULTURA, Museo de las Esculturas Urbanas del Mundo, Resistencia, Argentine<br \/>2015 BRONZE ET B\u00caTE, Mus\u00e9e du Bronze d\u2019Inverness, Inverness, Qu\u00e9bec<br \/>2014 RECYCL\u2019ART\/ TRYPTIQUE, Galerie Montcalm, Gatineau<br \/>2013 ENTRE TEMPS, Centre d\u2019exposition CIRCA, Montr\u00e9al<br \/>2013 CIRCUS, Mus\u00e9e du Bronze d\u2019Inverness, Inverness<br \/>2012 DUO, Maison de la culture de L\u2019Avenir, L\u2019Avenir<br \/>2009 JARDINS LUMINEUX, Les Jardins Lumi\u00e8res, L\u2019Avenir<br \/>2008 ENCH\u00c8RES, Mus\u00e9e d\u2019art contemporain des Laurentides, Saint J\u00e9r\u00f4me<br \/>2008 JOUER AVEC LE FEU. Centre d\u2019exposition Circa, Montr\u00e9al<br \/>2007 SIMPOSIO EXPOSICION, Galeria de Arte Moderno Carlos Woods, ville de Guatemala, Guatemala<br \/>2006 FESTIVAL DU RECYCL\u2019ART de MONTPELLIER, Centre r\u00e9gional d\u2019art contemporain de Montpellier<br \/>2004 LA SCULPTURE CONTEMPORAINE AU QU\u00c9BEC, Centre r\u00e9gional d\u2019art contemporain de Montpellier<br \/>2000 D\u2019UN MILL\u00c9NAIRE \u00c0 L\u2019AUTRE, Maison de la culture de la ville de Montr\u00e9al, Ahuntsic\u2013Cartierville<br \/>1999 FEMMES, CORPS ET \u00c2ME, Printemps du Qu\u00e9bec \u00e0 Paris, Couvent des Cordeliers, Paris, France<br \/>1998 ROUGE, Centre d\u2019exposition Circa, Montr\u00e9alFEMMES, CORPS ET \u00c2ME, Mus\u00e9e de la civilisation de Qu\u00e9bec<br \/>1998 ACQUISITIONS 1995, collection Pr\u00eat d\u2019\u0153uvres d\u2019art, Mus\u00e9e national des beaux-arts du Qu\u00e9bec<br \/>1992 CORPS, Centre d\u2019exposition Circa, Montr\u00e9al<br \/>Bourses, prix et mentions<br \/>2019 Bourse de partenariat, CALQ et MRC de Drummondville, 20 000$, Projet Bient\u00f4t hors d\u2019usage\/ Out of order<br \/>2018 Finaliste \u00ab Personnalit\u00e9 F\u00e9minine de l\u2019Ann\u00e9e \u00bb de la Chambre de Commerce et Industrie de Drummondville<br \/>2017 Prix du CALQ \u2013Cr\u00e9atrice de l\u2019ann\u00e9e du Centre-du-Qu\u00e9bec<br \/>2016 Rencontre International de sculpture 2016, Juan Jos\u00e9 Castelli, Argentine<br \/>Prix du public<br \/>2016 Biennal International de sculpture 2016, Resistencia, Argentine,<br \/>Prix du public Juan Alberto Garcia, Prix du pouvoir l\u00e9gislatif du Chaco<br \/>2013 Bourse de voyage, Conseil des Arts du Canada, (Expo Solo), Guatemala<br \/>Bourses, prix et mentions (suite)<br \/>2009 Bourse de voyage, Ambassade du Canada en Argentine, 3\u00e8me Symposium international de sculpture, Cipolletti, Argentine<br \/>2007 Bourse de voyage, Ambassade du Canada au Guatemala, 1er Festival international de sculpture, Guatemala Immortel, Prix du public et Prix des enfants<br \/>1998 Bourse de voyage, Le Conseil des Arts du Canada,<br \/>1er Symposium International de Sculpture \u00c0 Ichoun, Cor\u00e9e du Sud<br \/>1997 Premier concours international de sculpture sur marbre de Montevideo, Uruguay,<br \/>Mention du jury, Prix du public<br \/>1996 Bourse de voyage, Minist\u00e8re des Relations internationales du Qu\u00e9bec,<br \/>Deuxi\u00e8me Triennale Am\u00e9ricaine de sculpture, Resistencia, Argentine, Prix du public Juan Alberto Garcia, prix des enfants (ex-aequo), prix de Nuevo Banco del Chaco<br \/>\u00c9v\u00e9nements publics<br \/>2019 VI INTERNATIONAL SCULPTURE SYMPOSIUM, SANTA CRUZ DE LA SIERRA 2019, Remis, Bolivie<br \/>2018 MOUVEMENT ESSARTS-PARC DE SCULTURE, Saint-Pie-de-Guire, Canada<br \/>2016 3\u00e8me SYMPOSIUM INTERNATIONAL DE SCULTURE, Santiago, Chili<br \/>2016 BIENAL INTERNACIONAL DE ESCULTURA 2016, Resistencia, Argentine<br \/>2016 ENCUENTRO INTERNACIONAL DE ESCULTURA 2016, Juan Jos\u00e9 Castelli, Argentine<br \/>2014 BEAUCE ART L\u2019INTERNATIONAL DE SCULTURE, St-George de Beauce, Qu\u00e9bec, Canada<br \/>2009 3\u00e8me SYMPOSIUM INTERNATIONAL DE SCULTURE, Cipolletti, Argentine<br \/>2007 1er FESTIVAL INTERNATIONAL DE SCULTURE, ville de Guatemala, Guatemala<br \/>2005 L\u2019INTERNATIONAL DE SCULPTURE de Saint Jean Port Joli, Qu\u00e9bec, Canada<br \/>2003 SYMPOSIUM INTERNATIONAL DE BRUSQUE, Santa Catarina, Br\u00e9sil<br \/>2001 SYMPOSIUM INTERNATIONAL DE BRUSQUE, Santa Catarina, Br\u00e9sil <br \/>2000 SYMPOSIUM INTERNATIONAL DE PORNICHET, Bretagne, France<br \/>1999 SYMPOSIUM MONTJEAN-SUR-LOIRE, Montjean-sur-Loire, France<br \/>1998 1er SYMPOSIUM INTERNATIONAL DE SCULPTURE \u00c0 CHAOUN, Ichaon, Cor\u00e9e<br \/>1997 RENCONTRE DE SCULPTURE SUR BOIS ET SUR PIERRE DE ROSARIO, Rosario, Argentine<br \/>1997 PREMIER CONCOURS INTERNATIONAL DE SCULPTURE SUR MARBRE DE MONTEVIDEO, Montevideo, Uruguay<br \/>1996 DEUXI\u00c8ME TRIENNALE AM\u00c9RICAINE DE SCULPTURE, Resistencia, Argentine<br \/>Commandes d\u2019\u0153uvres d\u2019art publiques<br \/>2021 NEBI , Sculpture comm\u00e9morative &#8211; Club Rotary de Sherbrooke, Canada<br \/>2020 Maquette concours, Complexe \u00c9questre B\u00e9cancour<br \/>2019 Communaut\u00e9 d\u2019esprit, Sculpture comm\u00e9morative en l\u2019honneur de Pierre et Alex Harvey,<br \/>Municipalit\u00e9 de St-Fer\u00e9ol-les Neiges<br \/>2017 Maquette concours, Station de recherche en agriculture biologique du C\u00e9gep de Victoriaville<br \/>2017 Maquette, Concours d\u2019\u0153uvre d\u2019art public Hockey \u00e0 Qu\u00e9bec<br \/>2016 Les arbres sculpt\u00e9s du Bout-de-L\u2019\u00celes, Rivi\u00e8re-des-Prairies, Ville de Montr\u00e9al<br \/>2013 Antigravidad, R\u00e9alisation d\u2019une \u0153uvre monumentale pour Via SIete, Ville de Guatemala, Guatemala<br \/>2013 Maquette, concours, Comm\u00e9moration du 350i\u00e8me anniversaire du S\u00e9minaire de Qu\u00e9bec<br \/>2012 Maquette, concours, Hommage aux femmes en politique, Assembl\u00e9e national, Qu\u00e9bec<br \/>2010 Pierre Stanislas B\u00e9dard, buste comm\u00e9moratif, pour l\u2019Assembl\u00e9e national<br \/>2008 Au seuil d\u2019un si\u00e8cle, monument comm\u00e9moratif dans le cadre du 400\u00e8me anniversaire de la Ville de Qu\u00e9bec<br \/>2001 Travers\u00e9e sans retour, monument comm\u00e9moratif pour les victimes de la guerre de la conqu\u00eate,<br \/>H\u00f4pital G\u00e9n\u00e9ral, Qu\u00e9bec<br \/>2001 Dorim\u00e8ne Desjardins, monument comm\u00e9moratif, Regroupement des Caisses populaires, Sorel-Tracy<br \/>2000 Au seuil d\u2019un si\u00e8cle, monuments comm\u00e9moratif, monument comm\u00e9moratif dans le cadre du<br \/>100\u00e8me anniversaire de la F\u00e9d\u00e9ration des caisses populaires du Qu\u00e9bec, L\u00e9vis<br \/>1999 Danse sur le monde, sculpture monumentale, section des enfants du Cimeti\u00e8re Mont-Royal, Montr\u00e9al <br \/>1993 Hommage aux artistes, Bronzes comm\u00e9moratifs pour le Monument National, Montr\u00e9al<br \/>Collections<br \/>Collections priv\u00e9es: Montevideo Uruguay, Buenos Aires (Argentina), Petionville (Ha\u00efti), Antigua (Guatemala)<br \/>Via Siete residencias, Ville de Guatemala (Guatemala),<br \/>Municipalit\u00e9 de Cipolletti, Argentine<br \/>Ville de Guatemala, Guatemala<br \/>Parc de sculpture, Brusque, Santa Catarina, Br\u00e9sil<br \/>Collections (suite)<br \/>F\u00e9d\u00e9ration des Caisses populaires Desjardins, L\u00e9vis, et Regroupement des Caisses populaires, Sorel-Tracy,<br \/>Cimeti\u00e8re Mont-Royal, Montr\u00e9al, Canada<br \/>Ville de Ichoun, Cor\u00e9e du Sud<br \/>Municipalit\u00e9 de Rosario, Argentine<br \/>Fondation Urunday, Resistencia, Argentine<br \/>Mus\u00e9e national des beaux-arts du Qu\u00e9bec, Canada<br \/>Dossier de presse<br \/>LE QUOTIDIEN, Pascale Archambault au CNE, les folies de l\u2019\u00e2me et de l\u2019humanit\u00e9, Culture, 22 novembre 2019<br \/>L\u2019EXPRESS, Pascale Archambault re\u00e7oit le Prix du CALQ \u2013 Cr\u00e9atrice de l\u2019ann\u00e9e, Culture, 22 novembre 2017, page 24<br \/>LA TRIBUNE, Les honneurs pour Pascale Archambault en Argentine,Yanick Poisson, 25 ao\u00fbt, 2016, Arts<br \/>L\u2019EXPRESS, Des projets\u2026, Caroline Lepage, mercredi 8 janvier 2014, Arts et spectacles, page 17<br \/>REVISTA AMIGA, Preludio en cuatro tiempos, Le\u00f3n Aguiera Radford, lundi 7 octobre 2013<br \/>L\u2019IMPACT de Drummondville, Premi\u00e8re expo solo international. Anne-Sophie Bois, mercredi 28 ao\u00fbt 2013, Arts<br \/>LA HORA, Preludio en cuatro tiempos, Paolina Albani, 23 ao\u00fbt 2013, pages 1 et 2 du Cahier culturel<br \/>JOURNAL L\u2019EXPRESS, Les sculptures d\u2019une artiste de L\u2019Avenir, Arts et spectacles, 21 ao\u00fbt 2013, page 17<br \/>SIGLO XXI, Sera nuevamente dentro de 3 a\u00f1os, Ricardo Hernandez, 19 mars 2007, page 33<br \/>SIGLO XXI, Trabajando en los detalles, Jessica Masaya, 15 mars 2007<br \/>PRENSA LIBRE, Esculturas, Guillermo Monsanto, 12 mars 2007<br \/>SIGLO XXI, El orgullo de su pais, Jessica Masaya, 10 mars 2007, page 21<br \/>O MUNICIPIO, Dia-a-Dia, Simposio Internacional de Escultura&#8230;, W\u00e0nia C\u00e9lia Bittencourt, 31 octobre 2003<br \/>CADERNO DOIS, Obras levam \u00e0 reflex\u00e0o sobre a paz, 30 novembre 2001<br \/>SANTA CATARINA, Reinado do marmore, Debora Sabino, 1 nov 2003, p. 4<br \/>O MUNICIPIO, Simposio Internacional \u2026, W\u00e2nia C\u00e9lia Bittencourt, 31 oct 2003, page 10-A<br \/>O MUNICIPIO, Obra levam \u00e0 reflexao sobre a paz, D\u00e9bora Sabino, 30 nov 2001, page 1-B<br \/>A NOTICIA, Sonhos marcados na pedra,, D\u00e9bora Sabino, 25 nov 2001 annexe, C6<br \/>OUEST FRANCE, Maine et Loire, Pascale Archambault, H.V., 25 juillet 1999<br \/>LA PRESSE, Printemps du Qu\u00e9bec \u00e0 Paris. Ren\u00e9 Viau, 26 avril 1999, C9<br \/>BEAUX ARTS, Histoire de l\u2019art au f\u00e9minin. Vanita Costa, mars 1999, vol 178, pages 80 et 89 SCULPTURE,Stone sculpture symposia, Neal Barab, avril 1998 vol 17, pages 56-60<br \/>MUS\u00c9ES, Exposition corps et \u00e2me vol.19, no1, 1997, page couverture et pages 25-27<br \/>VIE DES ARTS Les murs du C&#8230;, Bernard Paquet, , \u00e9t\u00e9 1996, no163, pages 65-67<br \/>ESPACE, Femmes corps et \u00e2me, Serge Fiset, automne 1996,no 37, pages 37-40<br \/>VOIR, Amour et Anarchie, St\u00e9phane Aquin, section Arts visuels,du 20 au 26 avril 1995<br \/>INUIT ART QUARTELY, First monumental sculpture in Nunavik, automne 1994<br \/>THE GAZETTE, Monumental reopening on Main, Pat Donnely, photographie, juin 23, 1993<br \/>SPIRALE, L\u2019art du corps, Pascale Baudet, octobre 1992<br \/>ETC MONTR\u00c9AL Court-circuit, Yvan Moreau, ao\u00fbt \u00e0 novembre 1992, no 19, page 67<br \/>LE DEVOIR, \u00c0 la limite du mat\u00e9riau, Jean Dumont, samedi le 18 juillet 1992, B-12<br \/>LE JOURNAL DE MONTR\u00c9AL, Sculptures recherch\u00e9es, samedi 18 juillet 1992<br \/>Radio et T\u00e9l\u00e9vision<br \/>Canal M, Entrevue avec Flugence Bla, 24 janvier 2020, et les 5 \u00e0 7 avec Arlette Fara, 27 janvier 2020<br \/>La Fabrique culturelle de T\u00e9l\u00e9 Qu\u00e9bec, Pascale Archambault : les textures du temps, 18 novembre 2019<br \/>Radio-Canada, Entrevue avec Robert Blondin, lundi, 20 ao\u00fbt 2001<br \/>TV Buenos Aires, Secunda trienal americana de escultura Argentine, juillet 1996<br \/>TV5 Vision d\u2019Am\u00e9rique, mardi le 20 f\u00e9vrier 1996.<br \/>Vid\u00e9otron, Trac\u00e9 libre, du 11 au 15 juillet 1992, Exposition Corps, Centre d\u2019exposition Circa<br \/>T\u00e9l\u00e9-M\u00e9tropole, Le Match de la vie, 14 janvier 1992, \u2018La cr\u00e9ation\u2019, reprise le 1er juillet 1992 <br \/>Bibliographie<br \/>ID\u00c9ES ET FEMMES, Les Mus\u00e9es de la civilisation, Qu\u00e9bec, ISBN 978-2-551-25384-5,\u00a9 Mus\u00e9e de la civilisation, 2013<br \/>L\u2019 ART PUBLIC \u00c0 QU\u00c9BEC, 102 \u0152UVRES \u00c0 D\u00c9COUVRIR<br \/>Visite libre : Les 20 ans du Mus\u00e9e de la Civilisation, Claire Simard, ISBN 978-2-7621-2866-6, Fides 2009<br \/>LA SCULPTURE ET LE VENT, Femmes sculpteurs au Qu\u00e9bec, Serge Fisette, CDD3D, 2004, p.107-108<\/p><p><br \/>Membre du RAAV janvier 2021<\/p>\t\t\t\t\t\t<\/div>\n\t\t\t\t<\/div>\n\t\t\t\t\t<\/div>\n\t\t<\/div>\n\t\t\t\t\t\t\t<\/div>\n\t\t<\/section>\n\t\t\t\t\t\t\t<\/div>\n\t\t","protected":false},"excerpt":{"rendered":"<p>BIOPascale Archambault vit et travaille maintenant \u00e0 L\u2019Avenir. Elle compose ses \u0153uvres \u00e0 l\u2019aide de divers mat\u00e9riaux tel la pierre, le bois, l\u2019acier ou le bronze. Archambault s\u2019attache \u00e0 la repr\u00e9sentation humaine dont elle sait rendre avec brio la force et la sensibilit\u00e9. Entre 1992 et 2013, elle expose ses \u0153uvres dans plusieurs institutions reconnues &hellip; <\/p>\n<p class=\"link-more\"><a href=\"https:\/\/www.pascalearchambault.com\/blog\/lartiste\/\" class=\"more-link\">Leer m\u00e1s<span class=\"screen-reader-text\"> \u00abL&#8217;artiste\u00bb<\/span><\/a><\/p>\n","protected":false},"author":1,"featured_media":0,"parent":0,"menu_order":0,"comment_status":"closed","ping_status":"closed","template":"page-templates\/full-width-builder-bb.php","meta":{"_eb_attr":""},"featured_media_urls":[],"_links":{"self":[{"href":"https:\/\/www.pascalearchambault.com\/blog\/wp-json\/wp\/v2\/pages\/5592"}],"collection":[{"href":"https:\/\/www.pascalearchambault.com\/blog\/wp-json\/wp\/v2\/pages"}],"about":[{"href":"https:\/\/www.pascalearchambault.com\/blog\/wp-json\/wp\/v2\/types\/page"}],"author":[{"embeddable":true,"href":"https:\/\/www.pascalearchambault.com\/blog\/wp-json\/wp\/v2\/users\/1"}],"replies":[{"embeddable":true,"href":"https:\/\/www.pascalearchambault.com\/blog\/wp-json\/wp\/v2\/comments?post=5592"}],"version-history":[{"count":29,"href":"https:\/\/www.pascalearchambault.com\/blog\/wp-json\/wp\/v2\/pages\/5592\/revisions"}],"predecessor-version":[{"id":7264,"href":"https:\/\/www.pascalearchambault.com\/blog\/wp-json\/wp\/v2\/pages\/5592\/revisions\/7264"}],"wp:attachment":[{"href":"https:\/\/www.pascalearchambault.com\/blog\/wp-json\/wp\/v2\/media?parent=5592"}],"curies":[{"name":"wp","href":"https:\/\/api.w.org\/{rel}","templated":true}]}}