{"id":5574,"date":"2016-12-03T15:44:41","date_gmt":"2016-12-03T15:44:41","guid":{"rendered":"http:\/\/demo.wpzoom.com\/inspiro\/?page_id=5574"},"modified":"2023-05-16T14:54:15","modified_gmt":"2023-05-16T14:54:15","slug":"expositions","status":"publish","type":"page","link":"https:\/\/www.pascalearchambault.com\/blog\/expositions\/","title":{"rendered":"Expositions"},"content":{"rendered":"\t\t<div data-elementor-type=\"wp-page\" data-elementor-id=\"5574\" class=\"elementor elementor-5574\">\n\t\t\t\t\t\t\t\t\t<section class=\"elementor-section elementor-top-section elementor-element elementor-element-cd3c19a elementor-section-boxed elementor-section-height-default elementor-section-height-default\" data-id=\"cd3c19a\" data-element_type=\"section\">\n\t\t\t\t\t\t<div class=\"elementor-container elementor-column-gap-default\">\n\t\t\t\t\t<div class=\"elementor-column elementor-col-100 elementor-top-column elementor-element elementor-element-c14cad1\" data-id=\"c14cad1\" data-element_type=\"column\">\n\t\t\t<div class=\"elementor-widget-wrap elementor-element-populated\">\n\t\t\t\t\t\t\t\t<div class=\"elementor-element elementor-element-b106af0 elementor-grid-3 elementor-grid-tablet-2 elementor-grid-mobile-1 elementor-widget elementor-widget-wpzoom-elementor-addons-posts-grid\" data-id=\"b106af0\" data-element_type=\"widget\" data-settings=\"{&quot;columns&quot;:&quot;3&quot;,&quot;columns_tablet&quot;:&quot;2&quot;,&quot;columns_mobile&quot;:&quot;1&quot;}\" data-widget_type=\"wpzoom-elementor-addons-posts-grid.default\">\n\t\t\t\t<div class=\"elementor-widget-container\">\n\t\t\t\t\t<div \n\t\t\tclass=\"wpz-grid\" \n\t\t\tdata-uid=\"b106af0\"\n\t\t\tdata-offset=\"50\"\n\t\t\tdata-posts-grid='{\"posts_per_page\":50,\"paged\":1,\"post__not_in\":[],\"ignore_sticky_posts\":true,\"category_name\":\"exposiciones\",\"no_found_rows\":true,\"orderby\":\"post_date\",\"order\":\"desc\",\"offset\":50,\"show_image\":\"yes\",\"post_thumbnail_size\":\"full\",\"show_title\":\"yes\",\"title_tag\":\"h3\",\"meta_data\":[],\"show_excerpt\":\"yes\",\"excerpt_length\":25,\"show_read_more\":\"yes\",\"read_more_text\":\"LIRE PLUS \\u00bb\",\"grid_style\":\"1\",\"total\":0}'>\n\t\t\t\t\t\t<div class=\"wpz-grid-container elementor-grid wpz-grid-desktop-3  wpz-grid-tablet-2  wpz-grid-mobile-1 \">\n\t\t\t\t\n        <article id=\"post-6681\" class=\"wpz-post post-6681 post type-post status-publish format-standard has-post-thumbnail hentry category-exposiciones\">\n         \n            <div class=\"post-grid-inner\">\n            \t\n            \t\t\t\t<div class=\"post-grid-thumbnail\">\n\t\t\t\t<a href=\"https:\/\/www.pascalearchambault.com\/blog\/exposiciones\/attraction\/\">\n\t\t\t\t\t<img width=\"604\" height=\"453\" src=\"https:\/\/www.pascalearchambault.com\/blog\/wp-content\/uploads\/2023\/04\/attraction_sm.jpg\" class=\"attachment-full size-full wp-post-image\" alt=\"\" decoding=\"async\" loading=\"lazy\" srcset=\"https:\/\/www.pascalearchambault.com\/blog\/wp-content\/uploads\/2023\/04\/attraction_sm.jpg 604w, https:\/\/www.pascalearchambault.com\/blog\/wp-content\/uploads\/2023\/04\/attraction_sm-300x225.jpg 300w, https:\/\/www.pascalearchambault.com\/blog\/wp-content\/uploads\/2023\/04\/attraction_sm-600x450.jpg 600w\" sizes=\"100vw\" \/>\t\t\t\t<\/a>\n\t\t\t<\/div>\n\t\t\n                <div class=\"post-grid-text-wrap\">\n               \t\t\t\t<h3 class=\"title\">\n\t\t\t<a href=\"https:\/\/www.pascalearchambault.com\/blog\/exposiciones\/attraction\/\">ATTRACTION<\/a>\n\t\t<\/h3>\n\t\t\t                \t                <div class=\"post-grid-excerpt\"><p>ATTRACTION 23 f\u00e9vrier au 7 mai 2023 ATTRACTION met en sc\u00e8ne divers assemblages de bronze, pierre ou bois.S\u2019y rencontrent des sculptures de petite taille ou&hellip;<\/p>\n<\/div>\t                <a class=\"read-more-btn\" href=\"https:\/\/www.pascalearchambault.com\/blog\/exposiciones\/attraction\/\">LIRE PLUS \u00bb<\/a>                <\/div>\n\n            <\/div><!-- .blog-inner -->\n           \n        <\/article>\n\n        \n        <article id=\"post-6970\" class=\"wpz-post post-6970 post type-post status-publish format-standard has-post-thumbnail hentry category-exposiciones\">\n         \n            <div class=\"post-grid-inner\">\n            \t\n            \t\t\t\t<div class=\"post-grid-thumbnail\">\n\t\t\t\t<a href=\"https:\/\/www.pascalearchambault.com\/blog\/exposiciones\/lame-a-lame\/\">\n\t\t\t\t\t<img width=\"940\" height=\"696\" src=\"https:\/\/www.pascalearchambault.com\/blog\/wp-content\/uploads\/2023\/04\/article-archambault-lame.jpg\" class=\"attachment-full size-full wp-post-image\" alt=\"\" decoding=\"async\" loading=\"lazy\" srcset=\"https:\/\/www.pascalearchambault.com\/blog\/wp-content\/uploads\/2023\/04\/article-archambault-lame.jpg 940w, https:\/\/www.pascalearchambault.com\/blog\/wp-content\/uploads\/2023\/04\/article-archambault-lame-300x222.jpg 300w, https:\/\/www.pascalearchambault.com\/blog\/wp-content\/uploads\/2023\/04\/article-archambault-lame-768x569.jpg 768w, https:\/\/www.pascalearchambault.com\/blog\/wp-content\/uploads\/2023\/04\/article-archambault-lame-600x444.jpg 600w\" sizes=\"100vw\" \/>\t\t\t\t<\/a>\n\t\t\t<\/div>\n\t\t\n                <div class=\"post-grid-text-wrap\">\n               \t\t\t\t<h3 class=\"title\">\n\t\t\t<a href=\"https:\/\/www.pascalearchambault.com\/blog\/exposiciones\/lame-a-lame\/\">LAME \u00c0 L\u2019\u00c2ME<\/a>\n\t\t<\/h3>\n\t\t\t                \t                <div class=\"post-grid-excerpt\"><p>LAME \u00c0 L\u2019\u00c2ME 23 f\u00e9vrier au 7 mai 2023 Pascale Archambault23 f\u00e9vrier au 2 avril 2023 Sculpture, techniques mixtes Pour parler des probl\u00e8mes de sant\u00e9&hellip;<\/p>\n<\/div>\t                <a class=\"read-more-btn\" href=\"https:\/\/www.pascalearchambault.com\/blog\/exposiciones\/lame-a-lame\/\">LIRE PLUS \u00bb<\/a>                <\/div>\n\n            <\/div><!-- .blog-inner -->\n           \n        <\/article>\n\n        \n        <article id=\"post-6984\" class=\"wpz-post post-6984 post type-post status-publish format-standard has-post-thumbnail hentry category-exposiciones\">\n         \n            <div class=\"post-grid-inner\">\n            \t\n            \t\t\t\t<div class=\"post-grid-thumbnail\">\n\t\t\t\t<a href=\"https:\/\/www.pascalearchambault.com\/blog\/exposiciones\/exposition-bientot-hors-dusage\/\">\n\t\t\t\t\t<img width=\"1200\" height=\"900\" src=\"https:\/\/www.pascalearchambault.com\/blog\/wp-content\/uploads\/2023\/04\/3-1.jpg\" class=\"attachment-full size-full wp-post-image\" alt=\"\" decoding=\"async\" loading=\"lazy\" srcset=\"https:\/\/www.pascalearchambault.com\/blog\/wp-content\/uploads\/2023\/04\/3-1.jpg 1200w, https:\/\/www.pascalearchambault.com\/blog\/wp-content\/uploads\/2023\/04\/3-1-300x225.jpg 300w, https:\/\/www.pascalearchambault.com\/blog\/wp-content\/uploads\/2023\/04\/3-1-1024x768.jpg 1024w, https:\/\/www.pascalearchambault.com\/blog\/wp-content\/uploads\/2023\/04\/3-1-768x576.jpg 768w, https:\/\/www.pascalearchambault.com\/blog\/wp-content\/uploads\/2023\/04\/3-1-600x450.jpg 600w\" sizes=\"100vw\" \/>\t\t\t\t<\/a>\n\t\t\t<\/div>\n\t\t\n                <div class=\"post-grid-text-wrap\">\n               \t\t\t\t<h3 class=\"title\">\n\t\t\t<a href=\"https:\/\/www.pascalearchambault.com\/blog\/exposiciones\/exposition-bientot-hors-dusage\/\">Exposition Bient\u00f4t hors d\u2019usage<\/a>\n\t\t<\/h3>\n\t\t\t                \t                <div class=\"post-grid-excerpt\"><p>Canada<\/p>\n<\/div>\t                <a class=\"read-more-btn\" href=\"https:\/\/www.pascalearchambault.com\/blog\/exposiciones\/exposition-bientot-hors-dusage\/\">LIRE PLUS \u00bb<\/a>                <\/div>\n\n            <\/div><!-- .blog-inner -->\n           \n        <\/article>\n\n        \n        <article id=\"post-6995\" class=\"wpz-post post-6995 post type-post status-publish format-standard has-post-thumbnail hentry category-exposiciones\">\n         \n            <div class=\"post-grid-inner\">\n            \t\n            \t\t\t\t<div class=\"post-grid-thumbnail\">\n\t\t\t\t<a href=\"https:\/\/www.pascalearchambault.com\/blog\/exposiciones\/dejouer-les-sens-2017\/\">\n\t\t\t\t\t<img width=\"1200\" height=\"900\" src=\"https:\/\/www.pascalearchambault.com\/blog\/wp-content\/uploads\/2023\/04\/01_Parasitus.jpg\" class=\"attachment-full size-full wp-post-image\" alt=\"\" decoding=\"async\" loading=\"lazy\" srcset=\"https:\/\/www.pascalearchambault.com\/blog\/wp-content\/uploads\/2023\/04\/01_Parasitus.jpg 1200w, https:\/\/www.pascalearchambault.com\/blog\/wp-content\/uploads\/2023\/04\/01_Parasitus-300x225.jpg 300w, https:\/\/www.pascalearchambault.com\/blog\/wp-content\/uploads\/2023\/04\/01_Parasitus-1024x768.jpg 1024w, https:\/\/www.pascalearchambault.com\/blog\/wp-content\/uploads\/2023\/04\/01_Parasitus-768x576.jpg 768w, https:\/\/www.pascalearchambault.com\/blog\/wp-content\/uploads\/2023\/04\/01_Parasitus-600x450.jpg 600w\" sizes=\"100vw\" \/>\t\t\t\t<\/a>\n\t\t\t<\/div>\n\t\t\n                <div class=\"post-grid-text-wrap\">\n               \t\t\t\t<h3 class=\"title\">\n\t\t\t<a href=\"https:\/\/www.pascalearchambault.com\/blog\/exposiciones\/dejouer-les-sens-2017\/\">D\u00c9JOUER LES SENS, 2017<\/a>\n\t\t<\/h3>\n\t\t\t                \t                <div class=\"post-grid-excerpt\"><p>Centre d&#8217;art Jacques-et-Michel-Auger, Victoriaville, Canada<\/p>\n<\/div>\t                <a class=\"read-more-btn\" href=\"https:\/\/www.pascalearchambault.com\/blog\/exposiciones\/dejouer-les-sens-2017\/\">LIRE PLUS \u00bb<\/a>                <\/div>\n\n            <\/div><!-- .blog-inner -->\n           \n        <\/article>\n\n        \n        <article id=\"post-7003\" class=\"wpz-post post-7003 post type-post status-publish format-gallery has-post-thumbnail hentry category-exposiciones post_format-post-format-gallery\">\n         \n            <div class=\"post-grid-inner\">\n            \t\n            \t\t\t\t<div class=\"post-grid-thumbnail\">\n\t\t\t\t<a href=\"https:\/\/www.pascalearchambault.com\/blog\/exposiciones\/echantillonnage-2016\/\">\n\t\t\t\t\t<img width=\"1024\" height=\"683\" src=\"https:\/\/www.pascalearchambault.com\/blog\/wp-content\/uploads\/2023\/04\/01_Perle.jpg\" class=\"attachment-full size-full wp-post-image\" alt=\"\" decoding=\"async\" loading=\"lazy\" srcset=\"https:\/\/www.pascalearchambault.com\/blog\/wp-content\/uploads\/2023\/04\/01_Perle.jpg 1024w, https:\/\/www.pascalearchambault.com\/blog\/wp-content\/uploads\/2023\/04\/01_Perle-300x200.jpg 300w, https:\/\/www.pascalearchambault.com\/blog\/wp-content\/uploads\/2023\/04\/01_Perle-768x512.jpg 768w, https:\/\/www.pascalearchambault.com\/blog\/wp-content\/uploads\/2023\/04\/01_Perle-600x400.jpg 600w\" sizes=\"100vw\" \/>\t\t\t\t<\/a>\n\t\t\t<\/div>\n\t\t\n                <div class=\"post-grid-text-wrap\">\n               \t\t\t\t<h3 class=\"title\">\n\t\t\t<a href=\"https:\/\/www.pascalearchambault.com\/blog\/exposiciones\/echantillonnage-2016\/\">\u00c9CHANTILLONNAGE, 2016<\/a>\n\t\t<\/h3>\n\t\t\t                \t                <div class=\"post-grid-excerpt\"><p>Galerie A, L&#8217;Avenir (Qu\u00e9bec), Canada<\/p>\n<\/div>\t                <a class=\"read-more-btn\" href=\"https:\/\/www.pascalearchambault.com\/blog\/exposiciones\/echantillonnage-2016\/\">LIRE PLUS \u00bb<\/a>                <\/div>\n\n            <\/div><!-- .blog-inner -->\n           \n        <\/article>\n\n        \n        <article id=\"post-7014\" class=\"wpz-post post-7014 post type-post status-publish format-gallery has-post-thumbnail hentry category-exposiciones post_format-post-format-gallery\">\n         \n            <div class=\"post-grid-inner\">\n            \t\n            \t\t\t\t<div class=\"post-grid-thumbnail\">\n\t\t\t\t<a href=\"https:\/\/www.pascalearchambault.com\/blog\/exposiciones\/preludio-en-cuatro-tiempos-2013\/\">\n\t\t\t\t\t<img width=\"1024\" height=\"683\" src=\"https:\/\/www.pascalearchambault.com\/blog\/wp-content\/uploads\/2023\/04\/03_Preludio-en-cuatro-tiempoPArch.jpg\" class=\"attachment-full size-full wp-post-image\" alt=\"\" decoding=\"async\" loading=\"lazy\" srcset=\"https:\/\/www.pascalearchambault.com\/blog\/wp-content\/uploads\/2023\/04\/03_Preludio-en-cuatro-tiempoPArch.jpg 1024w, https:\/\/www.pascalearchambault.com\/blog\/wp-content\/uploads\/2023\/04\/03_Preludio-en-cuatro-tiempoPArch-300x200.jpg 300w, https:\/\/www.pascalearchambault.com\/blog\/wp-content\/uploads\/2023\/04\/03_Preludio-en-cuatro-tiempoPArch-768x512.jpg 768w, https:\/\/www.pascalearchambault.com\/blog\/wp-content\/uploads\/2023\/04\/03_Preludio-en-cuatro-tiempoPArch-600x400.jpg 600w\" sizes=\"100vw\" \/>\t\t\t\t<\/a>\n\t\t\t<\/div>\n\t\t\n                <div class=\"post-grid-text-wrap\">\n               \t\t\t\t<h3 class=\"title\">\n\t\t\t<a href=\"https:\/\/www.pascalearchambault.com\/blog\/exposiciones\/preludio-en-cuatro-tiempos-2013\/\">PRELUDIO EN CUATRO TIEMPOS, 2013<\/a>\n\t\t<\/h3>\n\t\t\t                \t                <div class=\"post-grid-excerpt\"><p>Galeria El Tunel, Ville de Guatemala, Guatemala<\/p>\n<\/div>\t                <a class=\"read-more-btn\" href=\"https:\/\/www.pascalearchambault.com\/blog\/exposiciones\/preludio-en-cuatro-tiempos-2013\/\">LIRE PLUS \u00bb<\/a>                <\/div>\n\n            <\/div><!-- .blog-inner -->\n           \n        <\/article>\n\n        \n        <article id=\"post-7021\" class=\"wpz-post post-7021 post type-post status-publish format-standard has-post-thumbnail hentry category-exposiciones\">\n         \n            <div class=\"post-grid-inner\">\n            \t\n            \t\t\t\t<div class=\"post-grid-thumbnail\">\n\t\t\t\t<a href=\"https:\/\/www.pascalearchambault.com\/blog\/exposiciones\/equivoque-2010\/\">\n\t\t\t\t\t<img width=\"1024\" height=\"682\" src=\"https:\/\/www.pascalearchambault.com\/blog\/wp-content\/uploads\/2023\/04\/05_Maison-Mobile.jpg\" class=\"attachment-full size-full wp-post-image\" alt=\"\" decoding=\"async\" loading=\"lazy\" srcset=\"https:\/\/www.pascalearchambault.com\/blog\/wp-content\/uploads\/2023\/04\/05_Maison-Mobile.jpg 1024w, https:\/\/www.pascalearchambault.com\/blog\/wp-content\/uploads\/2023\/04\/05_Maison-Mobile-300x200.jpg 300w, https:\/\/www.pascalearchambault.com\/blog\/wp-content\/uploads\/2023\/04\/05_Maison-Mobile-768x512.jpg 768w, https:\/\/www.pascalearchambault.com\/blog\/wp-content\/uploads\/2023\/04\/05_Maison-Mobile-600x400.jpg 600w\" sizes=\"100vw\" \/>\t\t\t\t<\/a>\n\t\t\t<\/div>\n\t\t\n                <div class=\"post-grid-text-wrap\">\n               \t\t\t\t<h3 class=\"title\">\n\t\t\t<a href=\"https:\/\/www.pascalearchambault.com\/blog\/exposiciones\/equivoque-2010\/\">\u00c9QUIVOQUE, 2010<\/a>\n\t\t<\/h3>\n\t\t\t                \t                <div class=\"post-grid-excerpt\"><p>Maison de la culture Notre-Dame-de-Gr\u00e2ce, Montr\u00e9al<\/p>\n<\/div>\t                <a class=\"read-more-btn\" href=\"https:\/\/www.pascalearchambault.com\/blog\/exposiciones\/equivoque-2010\/\">LIRE PLUS \u00bb<\/a>                <\/div>\n\n            <\/div><!-- .blog-inner -->\n           \n        <\/article>\n\n        \n        <article id=\"post-7028\" class=\"wpz-post post-7028 post type-post status-publish format-standard has-post-thumbnail hentry category-exposiciones\">\n         \n            <div class=\"post-grid-inner\">\n            \t\n            \t\t\t\t<div class=\"post-grid-thumbnail\">\n\t\t\t\t<a href=\"https:\/\/www.pascalearchambault.com\/blog\/exposiciones\/transparence-2010\/\">\n\t\t\t\t\t<img width=\"1024\" height=\"682\" src=\"https:\/\/www.pascalearchambault.com\/blog\/wp-content\/uploads\/2023\/04\/03_Transparence-Ecoutes.jpg\" class=\"attachment-full size-full wp-post-image\" alt=\"\" decoding=\"async\" loading=\"lazy\" srcset=\"https:\/\/www.pascalearchambault.com\/blog\/wp-content\/uploads\/2023\/04\/03_Transparence-Ecoutes.jpg 1024w, https:\/\/www.pascalearchambault.com\/blog\/wp-content\/uploads\/2023\/04\/03_Transparence-Ecoutes-300x200.jpg 300w, https:\/\/www.pascalearchambault.com\/blog\/wp-content\/uploads\/2023\/04\/03_Transparence-Ecoutes-768x512.jpg 768w, https:\/\/www.pascalearchambault.com\/blog\/wp-content\/uploads\/2023\/04\/03_Transparence-Ecoutes-600x400.jpg 600w\" sizes=\"100vw\" \/>\t\t\t\t<\/a>\n\t\t\t<\/div>\n\t\t\n                <div class=\"post-grid-text-wrap\">\n               \t\t\t\t<h3 class=\"title\">\n\t\t\t<a href=\"https:\/\/www.pascalearchambault.com\/blog\/exposiciones\/transparence-2010\/\">TRANSPARENCE, 2010<\/a>\n\t\t<\/h3>\n\t\t\t                \t                <div class=\"post-grid-excerpt\"><p>Maison de la culture Notre-Dame-De-Gr\u00e2ce, Montr\u00e9al<\/p>\n<\/div>\t                <a class=\"read-more-btn\" href=\"https:\/\/www.pascalearchambault.com\/blog\/exposiciones\/transparence-2010\/\">LIRE PLUS \u00bb<\/a>                <\/div>\n\n            <\/div><!-- .blog-inner -->\n           \n        <\/article>\n\n        \n        <article id=\"post-7040\" class=\"wpz-post post-7040 post type-post status-publish format-standard has-post-thumbnail hentry category-exposiciones\">\n         \n            <div class=\"post-grid-inner\">\n            \t\n            \t\t\t\t<div class=\"post-grid-thumbnail\">\n\t\t\t\t<a href=\"https:\/\/www.pascalearchambault.com\/blog\/exposiciones\/transparence-essaie-2009\/\">\n\t\t\t\t\t<img width=\"1024\" height=\"682\" src=\"https:\/\/www.pascalearchambault.com\/blog\/wp-content\/uploads\/2009\/04\/01Vitrine-conference-2009.jpg\" class=\"attachment-full size-full wp-post-image\" alt=\"\" decoding=\"async\" loading=\"lazy\" srcset=\"https:\/\/www.pascalearchambault.com\/blog\/wp-content\/uploads\/2009\/04\/01Vitrine-conference-2009.jpg 1024w, https:\/\/www.pascalearchambault.com\/blog\/wp-content\/uploads\/2009\/04\/01Vitrine-conference-2009-300x200.jpg 300w, https:\/\/www.pascalearchambault.com\/blog\/wp-content\/uploads\/2009\/04\/01Vitrine-conference-2009-768x512.jpg 768w, https:\/\/www.pascalearchambault.com\/blog\/wp-content\/uploads\/2009\/04\/01Vitrine-conference-2009-600x400.jpg 600w\" sizes=\"100vw\" \/>\t\t\t\t<\/a>\n\t\t\t<\/div>\n\t\t\n                <div class=\"post-grid-text-wrap\">\n               \t\t\t\t<h3 class=\"title\">\n\t\t\t<a href=\"https:\/\/www.pascalearchambault.com\/blog\/exposiciones\/transparence-essaie-2009\/\">TRANSPARENCE-ESSAIE, 2009<\/a>\n\t\t<\/h3>\n\t\t\t                \t                <div class=\"post-grid-excerpt\"><p>Maison des M\u00e9tiers d&#8217;Art du Qu\u00e9bec, MMAQ, Qu\u00e9bec<\/p>\n<\/div>\t                <a class=\"read-more-btn\" href=\"https:\/\/www.pascalearchambault.com\/blog\/exposiciones\/transparence-essaie-2009\/\">LIRE PLUS \u00bb<\/a>                <\/div>\n\n            <\/div><!-- .blog-inner -->\n           \n        <\/article>\n\n        \n        <article id=\"post-7046\" class=\"wpz-post post-7046 post type-post status-publish format-standard has-post-thumbnail hentry category-exposiciones\">\n         \n            <div class=\"post-grid-inner\">\n            \t\n            \t\t\t\t<div class=\"post-grid-thumbnail\">\n\t\t\t\t<a href=\"https:\/\/www.pascalearchambault.com\/blog\/exposiciones\/equivoque-2008\/\">\n\t\t\t\t\t<img width=\"1024\" height=\"683\" src=\"https:\/\/www.pascalearchambault.com\/blog\/wp-content\/uploads\/2023\/04\/03_EquivoqueTrio-de-main.jpg\" class=\"attachment-full size-full wp-post-image\" alt=\"\" decoding=\"async\" loading=\"lazy\" srcset=\"https:\/\/www.pascalearchambault.com\/blog\/wp-content\/uploads\/2023\/04\/03_EquivoqueTrio-de-main.jpg 1024w, https:\/\/www.pascalearchambault.com\/blog\/wp-content\/uploads\/2023\/04\/03_EquivoqueTrio-de-main-300x200.jpg 300w, https:\/\/www.pascalearchambault.com\/blog\/wp-content\/uploads\/2023\/04\/03_EquivoqueTrio-de-main-768x512.jpg 768w, https:\/\/www.pascalearchambault.com\/blog\/wp-content\/uploads\/2023\/04\/03_EquivoqueTrio-de-main-600x400.jpg 600w\" sizes=\"100vw\" \/>\t\t\t\t<\/a>\n\t\t\t<\/div>\n\t\t\n                <div class=\"post-grid-text-wrap\">\n               \t\t\t\t<h3 class=\"title\">\n\t\t\t<a href=\"https:\/\/www.pascalearchambault.com\/blog\/exposiciones\/equivoque-2008\/\">\u00c9QUIVOQUE, 2008<\/a>\n\t\t<\/h3>\n\t\t\t                \t                <div class=\"post-grid-excerpt\"><p>Maison de la culture Ahuntsic-Cartierville, Montr\u00e9al<\/p>\n<\/div>\t                <a class=\"read-more-btn\" href=\"https:\/\/www.pascalearchambault.com\/blog\/exposiciones\/equivoque-2008\/\">LIRE PLUS \u00bb<\/a>                <\/div>\n\n            <\/div><!-- .blog-inner -->\n           \n        <\/article>\n\n        \t\t\t<\/div>\n\n\t\t\t\t\t\t\t\t\n\t\t<\/div><!-- \/\/.wpz-grid -->\n\t\t\t\t<\/div>\n\t\t\t\t<\/div>\n\t\t\t\t\t<\/div>\n\t\t<\/div>\n\t\t\t\t\t\t\t<\/div>\n\t\t<\/section>\n\t\t\t\t\t\t\t<\/div>\n\t\t","protected":false},"excerpt":{"rendered":"<p>ATTRACTION ATTRACTION 23 f\u00e9vrier au 7 mai 2023 ATTRACTION met en sc\u00e8ne divers assemblages de bronze, pierre ou bois.S\u2019y rencontrent des sculptures de petite taille ou&hellip; LIRE PLUS \u00bb LAME \u00c0 L\u2019\u00c2ME LAME \u00c0 L\u2019\u00c2ME 23 f\u00e9vrier au 7 mai 2023 Pascale Archambault23 f\u00e9vrier au 2 avril 2023 Sculpture, techniques mixtes Pour parler des probl\u00e8mes &hellip; <\/p>\n<p class=\"link-more\"><a href=\"https:\/\/www.pascalearchambault.com\/blog\/exposiciones\/equivoque-2008\/\" class=\"more-link\">Leer m\u00e1s<span class=\"screen-reader-text\"> \u00ab\u00c9QUIVOQUE, 2008\u00bb<\/span><\/a><\/p>\n","protected":false},"author":1,"featured_media":0,"parent":0,"menu_order":0,"comment_status":"closed","ping_status":"closed","template":"page-templates\/full-width-builder-bb.php","meta":{"_eb_attr":""},"featured_media_urls":[],"_links":{"self":[{"href":"https:\/\/www.pascalearchambault.com\/blog\/wp-json\/wp\/v2\/pages\/5574"}],"collection":[{"href":"https:\/\/www.pascalearchambault.com\/blog\/wp-json\/wp\/v2\/pages"}],"about":[{"href":"https:\/\/www.pascalearchambault.com\/blog\/wp-json\/wp\/v2\/types\/page"}],"author":[{"embeddable":true,"href":"https:\/\/www.pascalearchambault.com\/blog\/wp-json\/wp\/v2\/users\/1"}],"replies":[{"embeddable":true,"href":"https:\/\/www.pascalearchambault.com\/blog\/wp-json\/wp\/v2\/comments?post=5574"}],"version-history":[{"count":18,"href":"https:\/\/www.pascalearchambault.com\/blog\/wp-json\/wp\/v2\/pages\/5574\/revisions"}],"predecessor-version":[{"id":7447,"href":"https:\/\/www.pascalearchambault.com\/blog\/wp-json\/wp\/v2\/pages\/5574\/revisions\/7447"}],"wp:attachment":[{"href":"https:\/\/www.pascalearchambault.com\/blog\/wp-json\/wp\/v2\/media?parent=5574"}],"curies":[{"name":"wp","href":"https:\/\/api.w.org\/{rel}","templated":true}]}}